{"id":114,"date":"2016-06-17T05:30:27","date_gmt":"2016-06-17T05:30:27","guid":{"rendered":"https:\/\/news.ubbcluj.ro\/hu\/?page_id=114"},"modified":"2016-07-18T00:34:40","modified_gmt":"2016-07-18T00:34:40","slug":"munkaink","status":"publish","type":"page","link":"https:\/\/news.ubbcluj.ro\/hu\/munkaink\/","title":{"rendered":"Munk\u00e1ink"},"content":{"rendered":"<p>Fejleszt\u00e9s alatt&#8230;<br \/>\n    <script>\r\n        jQuery.browser = {};\r\n        (function () {\r\n            jQuery.browser.msie = false;\r\n            jQuery.browser.version = 0;\r\n            if (navigator.userAgent.match(\/MSIE ([0-9]+)\\.\/)) {\r\n                jQuery.browser.msie = true;\r\n                jQuery.browser.version = RegExp.$1;\r\n            }\r\n        })();\r\n    <\/script>\r\n    <style>\r\n        .modal-backdrop.in {\r\n            display: none !important;\r\n        }\r\n\r\n        .weblizar-portfolio-gallery {\r\n            padding: 10px;\r\n\/*            box-shadow: 2px 2px 2px #ccc;\r\n            margin: 10px 0px;*\/\r\n         box-shadow: 0 0 6px rgba(0, 0, 0, .7);\r\n                }\r\n\r\n        .weblizar-portfolio-gallery a,\r\n        .weblizar-portfolio-gallery a img {\r\n            display: block;\r\n            position: relative;\r\n            border-radius: 0px;\r\n            -webkit-transition: all .55s linear;\r\n            -moz-transition: all .55s linear;\r\n            -o-transition: all .55s linear;\r\n            transition: all .55s linear;\r\n        }\r\n\r\n        .weblizar-portfolio-gallery:hover a img {\r\n                }\r\n\r\n        .weblizar-portfolio-gallery a img {\r\n            display: block;\r\n            position: relative;\r\n            width: 100%;\r\n            height: auto;\r\n            margin: 0px;\r\n            padding: 0px;\r\n        }\r\n\r\n        .weblizar-portfolio-gallery a {\r\n            overflow: hidden;\r\n        }\r\n\r\n        .weblizar-portfolio-gallery a div {\r\n            position: absolute;\r\n\r\n            background: rgba(0, 0, 0, 0.5);\r\n            width: 100%;\r\n            height: 100%;\r\n            border: 0px solid rgba(0, 0, 0, 0.3);\r\n\r\n        }\r\n\r\n        .weblizar-portfolio-gallery a div span {\r\n            display: block;\r\n            padding: 10px 0;\r\n            \/* margin: 40px 20px 20px 20px; *\/\r\n            font-weight: normal;\r\n            text-align: center;\r\n            font-family: _OpenSansBold;\r\n            color: rgba(255, 255, 255, 0.9);\r\n            text-shadow: 1px 1px 1px rgba(0, 0, 0, 0.2);\r\n            display: flex !important;\r\n            justify-content: center !important;\r\n            align-items: center !important;\r\n            height: 100% !important;\r\n\r\n        }\r\n\r\n        @media (min-width: 992px) {\r\n            .col-md-6 {\r\n                width: 49.97% !important;\r\n            }\r\n\r\n            .col-md-4 {\r\n                width: 33.30% !important;\r\n            }\r\n\r\n            .col-md-3 {\r\n                width: 24.90% !important;\r\n            }\r\n        }\r\n\r\n        .col-md-6 {\r\n            padding: 0px;\r\n        }\r\n\r\n        .col-md-4 {\r\n            padding: 0px;\r\n        }\r\n\r\n        .col-md-3 {\r\n            padding: 0px;\r\n        }\r\n\r\n        .showcase a:hover {\r\n            color: #fff;\r\n            text-decoration: none;\r\n        }\r\n\r\n        .weblizar-portfolio-grid li {\r\n         padding: 10px;\r\n                }\r\n\r\n            <\/style>\r\n\r\n\t    <div class=\"gal-container\">\r\n\t\t            <!--get the post id-->\r\n\t\t\t\r\n\t\t\t            <!-- gallery photos-->\r\n            <ul class=\"weblizar-portfolio-grid effect-3\" id=\"weblizar-portfolio-grid174\">\r\n\t\t\t\t            <\/ul>\r\n\r\n            <script type=\"text\/javascript\">\r\n                jQuery(function () {\r\n                    jQuery(' #da-thumbs > .weblizar-portfolio-gallery ').each(function () {\r\n                        jQuery(this).hoverdir_top({\r\n                            hoverDelay: 150,\r\n                            inverse: false\r\n                        });\r\n                    });\r\n                });\r\n                jQuery(document).ready(function () {\r\n                    new AnimOnScroll(document.getElementById('weblizar-portfolio-grid174'), {\r\n                        minDuration: 0.4,\r\n                        maxDuration: 0.7,\r\n                        viewportFactor: 0.2\r\n                    });\r\n                });\r\n            <\/script>\r\n\t\t    <\/div>\r\n\t<\/p>\n","protected":false},"excerpt":{"rendered":"<p>Fejleszt\u00e9s alatt&#8230;<\/p>\n","protected":false},"author":1,"featured_media":0,"parent":0,"menu_order":0,"comment_status":"closed","ping_status":"closed","template":"","meta":{"footnotes":""},"yoast_head":"<!-- This site is optimized with the Yoast SEO plugin v21.9.1 - https:\/\/yoast.com\/wordpress\/plugins\/seo\/ -->\n<title>Munk\u00e1ink - Kommunik\u00e1ci\u00f3 \u00e9s PR iroda<\/title>\n<meta name=\"robots\" content=\"index, follow, max-snippet:-1, max-image-preview:large, max-video-preview:-1\" \/>\n<link rel=\"canonical\" href=\"https:\/\/news.ubbcluj.ro\/hu\/munkaink\/\" \/>\n<meta property=\"og:locale\" content=\"hu_HU\" \/>\n<meta property=\"og:type\" content=\"article\" \/>\n<meta property=\"og:title\" content=\"Munk\u00e1ink - Kommunik\u00e1ci\u00f3 \u00e9s PR iroda\" \/>\n<meta property=\"og:description\" content=\"Fejleszt\u00e9s alatt&#8230;\" \/>\n<meta property=\"og:url\" content=\"https:\/\/news.ubbcluj.ro\/hu\/munkaink\/\" \/>\n<meta property=\"og:site_name\" content=\"Kommunik\u00e1ci\u00f3 \u00e9s PR iroda\" \/>\n<meta property=\"article:modified_time\" content=\"2016-07-18T00:34:40+00:00\" \/>\n<meta name=\"twitter:card\" content=\"summary_large_image\" \/>\n<script type=\"application\/ld+json\" class=\"yoast-schema-graph\">{\"@context\":\"https:\/\/schema.org\",\"@graph\":[{\"@type\":\"WebPage\",\"@id\":\"https:\/\/news.ubbcluj.ro\/hu\/munkaink\/\",\"url\":\"https:\/\/news.ubbcluj.ro\/hu\/munkaink\/\",\"name\":\"Munk\u00e1ink - Kommunik\u00e1ci\u00f3 \u00e9s PR iroda\",\"isPartOf\":{\"@id\":\"https:\/\/news.ubbcluj.ro\/hu\/#website\"},\"datePublished\":\"2016-06-17T05:30:27+00:00\",\"dateModified\":\"2016-07-18T00:34:40+00:00\",\"breadcrumb\":{\"@id\":\"https:\/\/news.ubbcluj.ro\/hu\/munkaink\/#breadcrumb\"},\"inLanguage\":\"hu\",\"potentialAction\":[{\"@type\":\"ReadAction\",\"target\":[\"https:\/\/news.ubbcluj.ro\/hu\/munkaink\/\"]}]},{\"@type\":\"BreadcrumbList\",\"@id\":\"https:\/\/news.ubbcluj.ro\/hu\/munkaink\/#breadcrumb\",\"itemListElement\":[{\"@type\":\"ListItem\",\"position\":1,\"name\":\"Home\",\"item\":\"https:\/\/news.ubbcluj.ro\/hu\/\"},{\"@type\":\"ListItem\",\"position\":2,\"name\":\"Munk\u00e1ink\"}]},{\"@type\":\"WebSite\",\"@id\":\"https:\/\/news.ubbcluj.ro\/hu\/#website\",\"url\":\"https:\/\/news.ubbcluj.ro\/hu\/\",\"name\":\"Kommunik\u00e1ci\u00f3 \u00e9s PR iroda\",\"description\":\"Babe\u0219-Bolyai Tudom\u00e1negyetem\",\"potentialAction\":[{\"@type\":\"SearchAction\",\"target\":{\"@type\":\"EntryPoint\",\"urlTemplate\":\"https:\/\/news.ubbcluj.ro\/hu\/?s={search_term_string}\"},\"query-input\":\"required name=search_term_string\"}],\"inLanguage\":\"hu\"}]}<\/script>\n<!-- \/ Yoast SEO plugin. -->","yoast_head_json":{"title":"Munk\u00e1ink - Kommunik\u00e1ci\u00f3 \u00e9s PR iroda","robots":{"index":"index","follow":"follow","max-snippet":"max-snippet:-1","max-image-preview":"max-image-preview:large","max-video-preview":"max-video-preview:-1"},"canonical":"https:\/\/news.ubbcluj.ro\/hu\/munkaink\/","og_locale":"hu_HU","og_type":"article","og_title":"Munk\u00e1ink - Kommunik\u00e1ci\u00f3 \u00e9s PR iroda","og_description":"Fejleszt\u00e9s alatt&#8230;","og_url":"https:\/\/news.ubbcluj.ro\/hu\/munkaink\/","og_site_name":"Kommunik\u00e1ci\u00f3 \u00e9s PR iroda","article_modified_time":"2016-07-18T00:34:40+00:00","twitter_card":"summary_large_image","schema":{"@context":"https:\/\/schema.org","@graph":[{"@type":"WebPage","@id":"https:\/\/news.ubbcluj.ro\/hu\/munkaink\/","url":"https:\/\/news.ubbcluj.ro\/hu\/munkaink\/","name":"Munk\u00e1ink - Kommunik\u00e1ci\u00f3 \u00e9s PR iroda","isPartOf":{"@id":"https:\/\/news.ubbcluj.ro\/hu\/#website"},"datePublished":"2016-06-17T05:30:27+00:00","dateModified":"2016-07-18T00:34:40+00:00","breadcrumb":{"@id":"https:\/\/news.ubbcluj.ro\/hu\/munkaink\/#breadcrumb"},"inLanguage":"hu","potentialAction":[{"@type":"ReadAction","target":["https:\/\/news.ubbcluj.ro\/hu\/munkaink\/"]}]},{"@type":"BreadcrumbList","@id":"https:\/\/news.ubbcluj.ro\/hu\/munkaink\/#breadcrumb","itemListElement":[{"@type":"ListItem","position":1,"name":"Home","item":"https:\/\/news.ubbcluj.ro\/hu\/"},{"@type":"ListItem","position":2,"name":"Munk\u00e1ink"}]},{"@type":"WebSite","@id":"https:\/\/news.ubbcluj.ro\/hu\/#website","url":"https:\/\/news.ubbcluj.ro\/hu\/","name":"Kommunik\u00e1ci\u00f3 \u00e9s PR iroda","description":"Babe\u0219-Bolyai Tudom\u00e1negyetem","potentialAction":[{"@type":"SearchAction","target":{"@type":"EntryPoint","urlTemplate":"https:\/\/news.ubbcluj.ro\/hu\/?s={search_term_string}"},"query-input":"required name=search_term_string"}],"inLanguage":"hu"}]}},"_links":{"self":[{"href":"https:\/\/news.ubbcluj.ro\/hu\/wp-json\/wp\/v2\/pages\/114"}],"collection":[{"href":"https:\/\/news.ubbcluj.ro\/hu\/wp-json\/wp\/v2\/pages"}],"about":[{"href":"https:\/\/news.ubbcluj.ro\/hu\/wp-json\/wp\/v2\/types\/page"}],"author":[{"embeddable":true,"href":"https:\/\/news.ubbcluj.ro\/hu\/wp-json\/wp\/v2\/users\/1"}],"replies":[{"embeddable":true,"href":"https:\/\/news.ubbcluj.ro\/hu\/wp-json\/wp\/v2\/comments?post=114"}],"version-history":[{"count":16,"href":"https:\/\/news.ubbcluj.ro\/hu\/wp-json\/wp\/v2\/pages\/114\/revisions"}],"predecessor-version":[{"id":609,"href":"https:\/\/news.ubbcluj.ro\/hu\/wp-json\/wp\/v2\/pages\/114\/revisions\/609"}],"wp:attachment":[{"href":"https:\/\/news.ubbcluj.ro\/hu\/wp-json\/wp\/v2\/media?parent=114"}],"curies":[{"name":"wp","href":"https:\/\/api.w.org\/{rel}","templated":true}]}}