{"id":34,"date":"2016-06-14T08:56:24","date_gmt":"2016-06-14T08:56:24","guid":{"rendered":"https:\/\/news.ubbcluj.ro\/hu\/?page_id=34"},"modified":"2025-04-09T10:56:44","modified_gmt":"2025-04-09T07:56:44","slug":"elerhetoseg","status":"publish","type":"page","link":"https:\/\/news.ubbcluj.ro\/hu\/rolunk-kommunikacio\/elerhetoseg\/","title":{"rendered":"El\u00e9rhet\u0151s\u00e9g"},"content":{"rendered":"<div class=\"alm-reveal\"><img loading=\"lazy\" decoding=\"async\" class=\"alignnone wp-image-41 size-full\" src=\"https:\/\/news.ubbcluj.ro\/hu\/wp-content\/uploads\/2016\/06\/contact.png\" alt=\"contact\" width=\"1024\" height=\"232\" data-id=\"41\" srcset=\"https:\/\/news.ubbcluj.ro\/hu\/wp-content\/uploads\/2016\/06\/contact.png 1024w, https:\/\/news.ubbcluj.ro\/hu\/wp-content\/uploads\/2016\/06\/contact-300x68.png 300w, https:\/\/news.ubbcluj.ro\/hu\/wp-content\/uploads\/2016\/06\/contact-768x174.png 768w, https:\/\/news.ubbcluj.ro\/hu\/wp-content\/uploads\/2016\/06\/contact-100x23.png 100w, https:\/\/news.ubbcluj.ro\/hu\/wp-content\/uploads\/2016\/06\/contact-150x34.png 150w, https:\/\/news.ubbcluj.ro\/hu\/wp-content\/uploads\/2016\/06\/contact-200x45.png 200w, https:\/\/news.ubbcluj.ro\/hu\/wp-content\/uploads\/2016\/06\/contact-450x102.png 450w, https:\/\/news.ubbcluj.ro\/hu\/wp-content\/uploads\/2016\/06\/contact-600x136.png 600w, https:\/\/news.ubbcluj.ro\/hu\/wp-content\/uploads\/2016\/06\/contact-900x204.png 900w\" sizes=\"(max-width: 1024px) 100vw, 1024px\" \/><\/div>\n<div class=\"alm-reveal\"><\/div>\n<div class=\"alm-reveal\"><strong>Babe\u0219\u00ad\u2013Bolyai Tudom\u00e1nyegyetem, Magyar Tagozat, Kommunik\u00e1ci\u00f3 \u00e9s PR iroda<br \/>\n<\/strong>Kolozsv\u00e1r, Egyetem (Universit\u0103\u021bii) utca, 7-9 sz\u00e1m<\/div>\n<div class=\"alm-reveal\"><\/div>\n<div class=\"alm-reveal\"><strong>Kommunik\u00e1ci\u00f3s munkat\u00e1rsak:<\/strong><br \/>\n<strong>Bilib\u00f3k Ren\u00e1ta<\/strong><br \/>\nE-mail: <a href=\"mailto:renata.bilibok@ubbcluj.ro\">renata.bilibok@ubbcluj.ro<\/a><\/div>\n","protected":false},"excerpt":{"rendered":"<p>Babe\u0219\u00ad\u2013Bolyai Tudom\u00e1nyegyetem, Magyar Tagozat, Kommunik\u00e1ci\u00f3 \u00e9s PR iroda Kolozsv\u00e1r, Egyetem (Universit\u0103\u021bii) utca, 7-9 sz\u00e1m Kommunik\u00e1ci\u00f3s munkat\u00e1rsak: Bilib\u00f3k Ren\u00e1ta E-mail: renata.bilibok@ubbcluj.ro<\/p>\n","protected":false},"author":1,"featured_media":0,"parent":36,"menu_order":0,"comment_status":"closed","ping_status":"closed","template":"","meta":{"footnotes":""},"yoast_head":"<!-- This site is optimized with the Yoast SEO plugin v21.9.1 - https:\/\/yoast.com\/wordpress\/plugins\/seo\/ -->\n<title>El\u00e9rhet\u0151s\u00e9g - Kommunik\u00e1ci\u00f3 \u00e9s PR iroda<\/title>\n<meta name=\"robots\" content=\"index, follow, max-snippet:-1, max-image-preview:large, max-video-preview:-1\" \/>\n<link rel=\"canonical\" href=\"https:\/\/news.ubbcluj.ro\/hu\/rolunk-kommunikacio\/elerhetoseg\/\" \/>\n<meta property=\"og:locale\" content=\"hu_HU\" \/>\n<meta property=\"og:type\" content=\"article\" \/>\n<meta property=\"og:title\" content=\"El\u00e9rhet\u0151s\u00e9g - Kommunik\u00e1ci\u00f3 \u00e9s PR iroda\" \/>\n<meta property=\"og:description\" content=\"Babe\u0219\u00ad\u2013Bolyai Tudom\u00e1nyegyetem, Magyar Tagozat, Kommunik\u00e1ci\u00f3 \u00e9s PR iroda Kolozsv\u00e1r, Egyetem (Universit\u0103\u021bii) utca, 7-9 sz\u00e1m Kommunik\u00e1ci\u00f3s munkat\u00e1rsak: Bilib\u00f3k Ren\u00e1ta E-mail: renata.bilibok@ubbcluj.ro\" \/>\n<meta property=\"og:url\" content=\"https:\/\/news.ubbcluj.ro\/hu\/rolunk-kommunikacio\/elerhetoseg\/\" \/>\n<meta property=\"og:site_name\" content=\"Kommunik\u00e1ci\u00f3 \u00e9s PR iroda\" \/>\n<meta property=\"article:modified_time\" content=\"2025-04-09T07:56:44+00:00\" \/>\n<meta property=\"og:image\" content=\"https:\/\/news.ubbcluj.ro\/hu\/wp-content\/uploads\/2016\/06\/contact.png\" \/>\n<meta name=\"twitter:card\" content=\"summary_large_image\" \/>\n<meta name=\"twitter:label1\" content=\"Becs\u00fclt olvas\u00e1si id\u0151\" \/>\n\t<meta name=\"twitter:data1\" content=\"1 perc\" \/>\n<script type=\"application\/ld+json\" class=\"yoast-schema-graph\">{\"@context\":\"https:\/\/schema.org\",\"@graph\":[{\"@type\":\"WebPage\",\"@id\":\"https:\/\/news.ubbcluj.ro\/hu\/rolunk-kommunikacio\/elerhetoseg\/\",\"url\":\"https:\/\/news.ubbcluj.ro\/hu\/rolunk-kommunikacio\/elerhetoseg\/\",\"name\":\"El\u00e9rhet\u0151s\u00e9g - Kommunik\u00e1ci\u00f3 \u00e9s PR iroda\",\"isPartOf\":{\"@id\":\"https:\/\/news.ubbcluj.ro\/hu\/#website\"},\"datePublished\":\"2016-06-14T08:56:24+00:00\",\"dateModified\":\"2025-04-09T07:56:44+00:00\",\"breadcrumb\":{\"@id\":\"https:\/\/news.ubbcluj.ro\/hu\/rolunk-kommunikacio\/elerhetoseg\/#breadcrumb\"},\"inLanguage\":\"hu\",\"potentialAction\":[{\"@type\":\"ReadAction\",\"target\":[\"https:\/\/news.ubbcluj.ro\/hu\/rolunk-kommunikacio\/elerhetoseg\/\"]}]},{\"@type\":\"BreadcrumbList\",\"@id\":\"https:\/\/news.ubbcluj.ro\/hu\/rolunk-kommunikacio\/elerhetoseg\/#breadcrumb\",\"itemListElement\":[{\"@type\":\"ListItem\",\"position\":1,\"name\":\"Home\",\"item\":\"https:\/\/news.ubbcluj.ro\/hu\/\"},{\"@type\":\"ListItem\",\"position\":2,\"name\":\"R\u00f3lunk\",\"item\":\"https:\/\/news.ubbcluj.ro\/hu\/rolunk-kommunikacio\/\"},{\"@type\":\"ListItem\",\"position\":3,\"name\":\"El\u00e9rhet\u0151s\u00e9g\"}]},{\"@type\":\"WebSite\",\"@id\":\"https:\/\/news.ubbcluj.ro\/hu\/#website\",\"url\":\"https:\/\/news.ubbcluj.ro\/hu\/\",\"name\":\"Kommunik\u00e1ci\u00f3 \u00e9s PR iroda\",\"description\":\"Babe\u0219-Bolyai Tudom\u00e1negyetem\",\"potentialAction\":[{\"@type\":\"SearchAction\",\"target\":{\"@type\":\"EntryPoint\",\"urlTemplate\":\"https:\/\/news.ubbcluj.ro\/hu\/?s={search_term_string}\"},\"query-input\":\"required name=search_term_string\"}],\"inLanguage\":\"hu\"}]}<\/script>\n<!-- \/ Yoast SEO plugin. -->","yoast_head_json":{"title":"El\u00e9rhet\u0151s\u00e9g - Kommunik\u00e1ci\u00f3 \u00e9s PR iroda","robots":{"index":"index","follow":"follow","max-snippet":"max-snippet:-1","max-image-preview":"max-image-preview:large","max-video-preview":"max-video-preview:-1"},"canonical":"https:\/\/news.ubbcluj.ro\/hu\/rolunk-kommunikacio\/elerhetoseg\/","og_locale":"hu_HU","og_type":"article","og_title":"El\u00e9rhet\u0151s\u00e9g - Kommunik\u00e1ci\u00f3 \u00e9s PR iroda","og_description":"Babe\u0219\u00ad\u2013Bolyai Tudom\u00e1nyegyetem, Magyar Tagozat, Kommunik\u00e1ci\u00f3 \u00e9s PR iroda Kolozsv\u00e1r, Egyetem (Universit\u0103\u021bii) utca, 7-9 sz\u00e1m Kommunik\u00e1ci\u00f3s munkat\u00e1rsak: Bilib\u00f3k Ren\u00e1ta E-mail: renata.bilibok@ubbcluj.ro","og_url":"https:\/\/news.ubbcluj.ro\/hu\/rolunk-kommunikacio\/elerhetoseg\/","og_site_name":"Kommunik\u00e1ci\u00f3 \u00e9s PR iroda","article_modified_time":"2025-04-09T07:56:44+00:00","og_image":[{"url":"https:\/\/news.ubbcluj.ro\/hu\/wp-content\/uploads\/2016\/06\/contact.png"}],"twitter_card":"summary_large_image","twitter_misc":{"Becs\u00fclt olvas\u00e1si id\u0151":"1 perc"},"schema":{"@context":"https:\/\/schema.org","@graph":[{"@type":"WebPage","@id":"https:\/\/news.ubbcluj.ro\/hu\/rolunk-kommunikacio\/elerhetoseg\/","url":"https:\/\/news.ubbcluj.ro\/hu\/rolunk-kommunikacio\/elerhetoseg\/","name":"El\u00e9rhet\u0151s\u00e9g - Kommunik\u00e1ci\u00f3 \u00e9s PR iroda","isPartOf":{"@id":"https:\/\/news.ubbcluj.ro\/hu\/#website"},"datePublished":"2016-06-14T08:56:24+00:00","dateModified":"2025-04-09T07:56:44+00:00","breadcrumb":{"@id":"https:\/\/news.ubbcluj.ro\/hu\/rolunk-kommunikacio\/elerhetoseg\/#breadcrumb"},"inLanguage":"hu","potentialAction":[{"@type":"ReadAction","target":["https:\/\/news.ubbcluj.ro\/hu\/rolunk-kommunikacio\/elerhetoseg\/"]}]},{"@type":"BreadcrumbList","@id":"https:\/\/news.ubbcluj.ro\/hu\/rolunk-kommunikacio\/elerhetoseg\/#breadcrumb","itemListElement":[{"@type":"ListItem","position":1,"name":"Home","item":"https:\/\/news.ubbcluj.ro\/hu\/"},{"@type":"ListItem","position":2,"name":"R\u00f3lunk","item":"https:\/\/news.ubbcluj.ro\/hu\/rolunk-kommunikacio\/"},{"@type":"ListItem","position":3,"name":"El\u00e9rhet\u0151s\u00e9g"}]},{"@type":"WebSite","@id":"https:\/\/news.ubbcluj.ro\/hu\/#website","url":"https:\/\/news.ubbcluj.ro\/hu\/","name":"Kommunik\u00e1ci\u00f3 \u00e9s PR iroda","description":"Babe\u0219-Bolyai Tudom\u00e1negyetem","potentialAction":[{"@type":"SearchAction","target":{"@type":"EntryPoint","urlTemplate":"https:\/\/news.ubbcluj.ro\/hu\/?s={search_term_string}"},"query-input":"required name=search_term_string"}],"inLanguage":"hu"}]}},"_links":{"self":[{"href":"https:\/\/news.ubbcluj.ro\/hu\/wp-json\/wp\/v2\/pages\/34"}],"collection":[{"href":"https:\/\/news.ubbcluj.ro\/hu\/wp-json\/wp\/v2\/pages"}],"about":[{"href":"https:\/\/news.ubbcluj.ro\/hu\/wp-json\/wp\/v2\/types\/page"}],"author":[{"embeddable":true,"href":"https:\/\/news.ubbcluj.ro\/hu\/wp-json\/wp\/v2\/users\/1"}],"replies":[{"embeddable":true,"href":"https:\/\/news.ubbcluj.ro\/hu\/wp-json\/wp\/v2\/comments?post=34"}],"version-history":[{"count":20,"href":"https:\/\/news.ubbcluj.ro\/hu\/wp-json\/wp\/v2\/pages\/34\/revisions"}],"predecessor-version":[{"id":6991,"href":"https:\/\/news.ubbcluj.ro\/hu\/wp-json\/wp\/v2\/pages\/34\/revisions\/6991"}],"up":[{"embeddable":true,"href":"https:\/\/news.ubbcluj.ro\/hu\/wp-json\/wp\/v2\/pages\/36"}],"wp:attachment":[{"href":"https:\/\/news.ubbcluj.ro\/hu\/wp-json\/wp\/v2\/media?parent=34"}],"curies":[{"name":"wp","href":"https:\/\/api.w.org\/{rel}","templated":true}]}}